{"id":57,"date":"2023-09-04T17:11:26","date_gmt":"2023-09-04T15:11:26","guid":{"rendered":"http:\/\/beautravail.eu\/?page_id=57"},"modified":"2025-10-08T17:41:14","modified_gmt":"2025-10-08T15:41:14","slug":"mes-services","status":"publish","type":"page","link":"https:\/\/beautravail.eu\/index.php\/mes-services\/","title":{"rendered":"Services"},"content":{"rendered":"\n<div class=\"wp-block-cover alignfull is-light\" style=\"min-height:800px;aspect-ratio:unset;\"><img loading=\"lazy\" decoding=\"async\" width=\"1529\" height=\"627\" class=\"wp-block-cover__image-background wp-image-128\" alt=\"\" src=\"http:\/\/beautravail.eu\/wp-content\/uploads\/2023\/09\/00097011-copie-edit-20230906164310.jpg\" data-object-fit=\"cover\" srcset=\"https:\/\/beautravail.eu\/wp-content\/uploads\/2023\/09\/00097011-copie-edit-20230906164310.jpg 1529w, https:\/\/beautravail.eu\/wp-content\/uploads\/2023\/09\/00097011-copie-edit-20230906164310-300x123.jpg 300w, https:\/\/beautravail.eu\/wp-content\/uploads\/2023\/09\/00097011-copie-edit-20230906164310-1024x420.jpg 1024w, https:\/\/beautravail.eu\/wp-content\/uploads\/2023\/09\/00097011-copie-edit-20230906164310-768x315.jpg 768w\" sizes=\"auto, (max-width: 1529px) 100vw, 1529px\" \/><span aria-hidden=\"true\" class=\"wp-block-cover__background has-black-background-color has-background-dim\"><\/span><div class=\"wp-block-cover__inner-container is-layout-flow wp-block-cover-is-layout-flow\">\n<div class=\"wp-block-columns alignwide is-layout-flex wp-container-core-columns-is-layout-9d6595d7 wp-block-columns-is-layout-flex\">\n<div class=\"wp-block-column is-layout-flow wp-block-column-is-layout-flow\" style=\"flex-basis:55%\">\n<div style=\"height:330px\" aria-hidden=\"true\" class=\"wp-block-spacer\"><\/div>\n\n\n\n<p class=\"has-white-color has-text-color\" style=\"font-size:12px;line-height:1.3\"><\/p>\n<\/div>\n\n\n\n<div class=\"wp-block-column is-layout-flow wp-block-column-is-layout-flow\">\n<p><strong>En tant que cheffe de projet, je peux assurer la coordination compl\u00e8te de vos projets d&rsquo;organisation RH, environnement de travail et communication interne, ou intervenir \u00e0 l&rsquo;une des \u00e9tapes-cl\u00e9s.<\/strong><\/p>\n\n\n\n<p><strong>La liste des livrables est indicative : ceux-ci sont sp\u00e9cifiques \u00e0 une organisation et \u00e0 un projet.<\/strong><\/p>\n<\/div>\n<\/div>\n<\/div><\/div>\n\n\n\n<div class=\"wp-block-columns alignwide is-layout-flex wp-container-core-columns-is-layout-829b1d53 wp-block-columns-is-layout-flex\" style=\"margin-bottom:0\">\n<div class=\"wp-block-column has-text-color has-background has-link-color wp-elements-88c1c63efdd43968a0ae7d53e57e40fc is-layout-flow wp-block-column-is-layout-flow\" style=\"color:#000000;background-color:#e97b72;padding-top:2em;padding-right:2em;padding-bottom:2em;padding-left:2em\">\n<h2 class=\"wp-block-heading\" id=\"single\" style=\"font-size:26px\"><strong>Organisation<\/strong> <strong>RH<\/strong> <strong>et management<\/strong><\/h2>\n\n\n\n<hr class=\"wp-block-separator has-text-color has-black-color has-alpha-channel-opacity has-black-background-color has-background is-style-wide\"\/>\n\n\n\n<ul style=\"padding-right:0;padding-left:0\" class=\"wp-block-list has-normal-font-size\">\n<li>Diagnostic organisationnel<\/li>\n\n\n\n<li>R\u00e9organisation en lien avec l&rsquo;\u00e9volution de la structure, de sa strat\u00e9gie, de ses missions<\/li>\n\n\n\n<li>Animation de s\u00e9minaires d&rsquo;\u00e9quipes et d\u2019ateliers<\/li>\n\n\n\n<li>R\u00e9alisation d\u2019entretiens individuels<\/li>\n\n\n\n<li>Accompagnement au management hybride<\/li>\n\n\n\n<li>Accompagnement de dirigeants<\/li>\n<\/ul>\n<\/div>\n\n\n\n<div class=\"wp-block-column has-text-color has-background has-link-color wp-elements-1aea461525bd4f65663e0f89da7e6d58 is-layout-flow wp-block-column-is-layout-flow\" style=\"color:#000000;background-color:#e97b72;padding-top:2em;padding-right:2em;padding-bottom:2em;padding-left:2em\">\n<h2 class=\"wp-block-heading\" id=\"family\" style=\"font-size:26px\"><strong>Communication interne<\/strong><\/h2>\n\n\n\n<hr class=\"wp-block-separator has-text-color has-black-color has-alpha-channel-opacity has-black-background-color has-background is-style-wide\"\/>\n\n\n\n<ul style=\"padding-right:0;padding-left:0\" class=\"wp-block-list has-normal-font-size\">\n<li>Audit des dispositifs de communication<\/li>\n\n\n\n<li>D\u00e9finition de la strat\u00e9gie de communication interne<\/li>\n\n\n\n<li>Accompagnement de la refonte des outils num\u00e9riques<\/li>\n\n\n\n<li>Cr\u00e9ation et conception de newsletters et journaux<\/li>\n\n\n\n<li>Organisation d\u2019\u00e9v\u00e9nements<\/li>\n\n\n\n<li>Bilans et rapports d&rsquo;activit\u00e9<\/li>\n<\/ul>\n<\/div>\n\n\n\n<div class=\"wp-block-column has-text-color has-background has-link-color wp-elements-550e86629ac0ce64898f8f661773e626 is-layout-flow wp-block-column-is-layout-flow\" style=\"color:#000000;background-color:#e97b72;padding-top:2em;padding-right:2em;padding-bottom:2em;padding-left:2em\">\n<h2 class=\"wp-block-heading\" id=\"family\" style=\"font-size:26px\"><strong>Environnement de travail<\/strong><\/h2>\n\n\n\n<hr class=\"wp-block-separator has-text-color has-black-color has-alpha-channel-opacity has-black-background-color has-background is-style-wide\"\/>\n\n\n\n<ul style=\"padding-right:0;padding-left:0\" class=\"wp-block-list has-normal-font-size\">\n<li>Gestion de projets de r\u00e9am\u00e9nagement et de d\u00e9m\u00e9nagement<\/li>\n\n\n\n<li>Analyse des usages, recueil et interpr\u00e9tation des besoins (en espaces, services, mobiliers, outils\u2026)<\/li>\n\n\n\n<li>Strat\u00e9gie workplace<\/li>\n\n\n\n<li>Recherche et pilotage des prestataires (space planning, signal\u00e9tique directionnelle\u2026)<\/li>\n\n\n\n<li>Accompagnement du changement&nbsp;et&nbsp;communication externe<\/li>\n\n\n\n<li>Bilan&nbsp;des op\u00e9rations<\/li>\n<\/ul>\n<\/div>\n\n\n\n<div class=\"wp-block-column has-text-color has-background has-link-color wp-elements-ee9ac82cfd8eb244d7e381e9e910cd0f is-layout-flow wp-block-column-is-layout-flow\" style=\"color:#000000;background-color:#d08a10;padding-top:2em;padding-right:2em;padding-bottom:2em;padding-left:2em\">\n<h2 class=\"wp-block-heading\" id=\"family\" style=\"font-size:26px\"><strong>Exemples de<\/strong> <strong>livrables<\/strong><\/h2>\n\n\n\n<hr class=\"wp-block-separator has-text-color has-black-color has-alpha-channel-opacity has-black-background-color has-background is-style-wide\"\/>\n\n\n\n<ul style=\"padding-top:0;padding-right:0;padding-bottom:0;padding-left:0\" class=\"wp-block-list has-normal-font-size\">\n<li>Audits<\/li>\n\n\n\n<li>Benchmarks<\/li>\n\n\n\n<li>Notes de cadrage, notes d\u2019aide \u00e0 la d\u00e9cision<\/li>\n\n\n\n<li>Plans strat\u00e9giques<\/li>\n\n\n\n<li>Feuilles de route, plans d\u2019action<\/li>\n\n\n\n<li>Cahiers des charges<\/li>\n\n\n\n<li>Comptes rendus de r\u00e9unions<\/li>\n\n\n\n<li>Chartes et guides pratiques<\/li>\n\n\n\n<li>Sessions de sensibilisation<\/li>\n\n\n\n<li>Supports de communication<\/li>\n\n\n\n<li>Bilans<\/li>\n<\/ul>\n<\/div>\n<\/div>\n","protected":false},"excerpt":{"rendered":"<p>Organisation RH et management Communication interne Environnement de travail Exemples de livrables<\/p>\n","protected":false},"author":1,"featured_media":0,"parent":0,"menu_order":0,"comment_status":"closed","ping_status":"closed","template":"","meta":{"footnotes":""},"class_list":["post-57","page","type-page","status-publish","hentry","entry"],"_links":{"self":[{"href":"https:\/\/beautravail.eu\/index.php\/wp-json\/wp\/v2\/pages\/57","targetHints":{"allow":["GET"]}}],"collection":[{"href":"https:\/\/beautravail.eu\/index.php\/wp-json\/wp\/v2\/pages"}],"about":[{"href":"https:\/\/beautravail.eu\/index.php\/wp-json\/wp\/v2\/types\/page"}],"author":[{"embeddable":true,"href":"https:\/\/beautravail.eu\/index.php\/wp-json\/wp\/v2\/users\/1"}],"replies":[{"embeddable":true,"href":"https:\/\/beautravail.eu\/index.php\/wp-json\/wp\/v2\/comments?post=57"}],"version-history":[{"count":26,"href":"https:\/\/beautravail.eu\/index.php\/wp-json\/wp\/v2\/pages\/57\/revisions"}],"predecessor-version":[{"id":269,"href":"https:\/\/beautravail.eu\/index.php\/wp-json\/wp\/v2\/pages\/57\/revisions\/269"}],"wp:attachment":[{"href":"https:\/\/beautravail.eu\/index.php\/wp-json\/wp\/v2\/media?parent=57"}],"curies":[{"name":"wp","href":"https:\/\/api.w.org\/{rel}","templated":true}]}}