{"id":267,"date":"2025-10-08T18:10:18","date_gmt":"2025-10-08T16:10:18","guid":{"rendered":"https:\/\/beautravail.eu\/?page_id=267"},"modified":"2025-10-08T18:24:53","modified_gmt":"2025-10-08T16:24:53","slug":"references","status":"publish","type":"page","link":"https:\/\/beautravail.eu\/index.php\/references\/","title":{"rendered":"R\u00e9f\u00e9rences"},"content":{"rendered":"\n<figure class=\"wp-block-image size-large\"><img loading=\"lazy\" decoding=\"async\" width=\"1024\" height=\"205\" src=\"http:\/\/beautravail.eu\/wp-content\/uploads\/2025\/10\/Banniere-logos-clients-1024x205.jpg\" alt=\"\" class=\"wp-image-273\" srcset=\"https:\/\/beautravail.eu\/wp-content\/uploads\/2025\/10\/Banniere-logos-clients-1024x205.jpg 1024w, https:\/\/beautravail.eu\/wp-content\/uploads\/2025\/10\/Banniere-logos-clients-300x60.jpg 300w, https:\/\/beautravail.eu\/wp-content\/uploads\/2025\/10\/Banniere-logos-clients-768x154.jpg 768w, https:\/\/beautravail.eu\/wp-content\/uploads\/2025\/10\/Banniere-logos-clients-1536x307.jpg 1536w, https:\/\/beautravail.eu\/wp-content\/uploads\/2025\/10\/Banniere-logos-clients-1568x314.jpg 1568w, https:\/\/beautravail.eu\/wp-content\/uploads\/2025\/10\/Banniere-logos-clients.jpg 1585w\" sizes=\"auto, (max-width: 1024px) 100vw, 1024px\" \/><\/figure>\n\n\n\n<h2 class=\"wp-block-heading\">Projets immobiliers de l&rsquo;enseignement sup\u00e9rieur<\/h2>\n\n\n\n<ul class=\"wp-block-list\">\n<li><strong>CROUS de Paris<\/strong> : accompagnement au passage au flex office \u00e0 l&rsquo;occasion du d\u00e9m\u00e9nagement du si\u00e8ge (2025)<\/li>\n\n\n\n<li><strong>INSEAD<\/strong> : gouvernance du projet de refonte du campus de Fontainebleau, communication interne, strat\u00e9gie d&rsquo;environnement de travail (2024-2025)<\/li>\n\n\n\n<li><strong>CNOUS<\/strong> : expression des besoins pour les futurs locaux et exp\u00e9rimentation du flex office (2025)<\/li>\n\n\n\n<li><strong>Polytechnique<\/strong> : strat\u00e9gie de communication externe du projet R\u00e9nov&rsquo;X et aide \u00e0 la mise en \u0153uvre (2024-2025)<\/li>\n\n\n\n<li><strong>Sciences Po<\/strong> : strat\u00e9gie de communication interne pour la r\u00e9novation du 56 Saints-P\u00e8res (2024)<\/li>\n\n\n\n<li><strong>Sciences Po<\/strong> : refonte immobili\u00e8re compl\u00e8te du campus de Paris (2017-2022, en interne plein temps)<\/li>\n<\/ul>\n\n\n\n<h2 class=\"wp-block-heading\">Organisation RH et communication interne<\/h2>\n\n\n\n<ul class=\"wp-block-list\">\n<li><strong>CNRS<\/strong> : audit des actions men\u00e9es par les communicants de la Dircom, des d\u00e9l\u00e9gations r\u00e9gionales et des instituts (2025)<\/li>\n\n\n\n<li><strong>Chancellerie des universit\u00e9s<\/strong> : diagnostic organisationnel et sc\u00e9narios de r\u00e9organisation (2024)<\/li>\n\n\n\n<li><strong>CNRS<\/strong> : strat\u00e9gie de communication interne pour les 32 000 agents (2023-2024)<\/li>\n\n\n\n<li><strong>Fonds d&rsquo;innovation pour le d\u00e9veloppement<\/strong> : strat\u00e9gie institutionnelle et organisation RH (2023-2024)<\/li>\n<\/ul>\n\n\n\n<p><\/p>\n","protected":false},"excerpt":{"rendered":"<p>Projets immobiliers de l&rsquo;enseignement sup\u00e9rieur Organisation RH et communication interne<\/p>\n","protected":false},"author":1,"featured_media":0,"parent":0,"menu_order":0,"comment_status":"closed","ping_status":"closed","template":"","meta":{"footnotes":""},"class_list":["post-267","page","type-page","status-publish","hentry","entry"],"_links":{"self":[{"href":"https:\/\/beautravail.eu\/index.php\/wp-json\/wp\/v2\/pages\/267","targetHints":{"allow":["GET"]}}],"collection":[{"href":"https:\/\/beautravail.eu\/index.php\/wp-json\/wp\/v2\/pages"}],"about":[{"href":"https:\/\/beautravail.eu\/index.php\/wp-json\/wp\/v2\/types\/page"}],"author":[{"embeddable":true,"href":"https:\/\/beautravail.eu\/index.php\/wp-json\/wp\/v2\/users\/1"}],"replies":[{"embeddable":true,"href":"https:\/\/beautravail.eu\/index.php\/wp-json\/wp\/v2\/comments?post=267"}],"version-history":[{"count":5,"href":"https:\/\/beautravail.eu\/index.php\/wp-json\/wp\/v2\/pages\/267\/revisions"}],"predecessor-version":[{"id":280,"href":"https:\/\/beautravail.eu\/index.php\/wp-json\/wp\/v2\/pages\/267\/revisions\/280"}],"wp:attachment":[{"href":"https:\/\/beautravail.eu\/index.php\/wp-json\/wp\/v2\/media?parent=267"}],"curies":[{"name":"wp","href":"https:\/\/api.w.org\/{rel}","templated":true}]}}